{"id":1806,"date":"2022-01-10T18:00:01","date_gmt":"2022-01-10T18:00:01","guid":{"rendered":"https:\/\/turilux.pt\/les-politiques-de-confidentialite\/"},"modified":"2022-04-05T16:05:15","modified_gmt":"2022-04-05T16:05:15","slug":"les-politiques-de-confidentialite","status":"publish","type":"page","link":"https:\/\/turilux.pt\/fr\/les-politiques-de-confidentialite\/","title":{"rendered":"Les politiques de confidentialit\u00e9"},"content":{"rendered":"<div class=\"fusion-fullwidth fullwidth-box fusion-builder-row-1 fusion-flex-container nonhundred-percent-fullwidth non-hundred-percent-height-scrolling\" style=\"background-color: #f9f9f9;background-position: center center;background-repeat: no-repeat;border-width: 0px 0px 0px 0px;border-color:#e2e2e2;border-style:solid;\" ><div class=\"fusion-builder-row fusion-row fusion-flex-align-items-flex-start\" style=\"max-width:1248px;margin-left: calc(-4% \/ 2 );margin-right: calc(-4% \/ 2 );\"><div class=\"fusion-layout-column fusion_builder_column fusion-builder-column-0 fusion_builder_column_1_6 1_6 fusion-flex-column\"><div class=\"fusion-column-wrapper fusion-flex-justify-content-flex-start fusion-content-layout-column\" style=\"background-position:left top;background-repeat:no-repeat;-webkit-background-size:cover;-moz-background-size:cover;-o-background-size:cover;background-size:cover;padding: 0px 0px 0px 0px;\"><\/div><style type=\"text\/css\">.fusion-body .fusion-builder-column-0{width:16.666666666667% !important;margin-top : 0px;margin-bottom : 20px;}.fusion-builder-column-0 > .fusion-column-wrapper {padding-top : 0px !important;padding-right : 0px !important;margin-right : 11.52%;padding-bottom : 0px !important;padding-left : 0px !important;margin-left : 11.52%;}@media only screen and (max-width:1024px) {.fusion-body .fusion-builder-column-0{width:16.666666666667% !important;order : 0;}.fusion-builder-column-0 > .fusion-column-wrapper {margin-right : 11.52%;margin-left : 11.52%;}}@media only screen and (max-width:640px) {.fusion-body .fusion-builder-column-0{width:100% !important;order : 0;}.fusion-builder-column-0 > .fusion-column-wrapper {margin-right : 1.92%;margin-left : 1.92%;}}<\/style><\/div><div class=\"fusion-layout-column fusion_builder_column fusion-builder-column-1 fusion_builder_column_2_3 2_3 fusion-flex-column\"><div class=\"fusion-column-wrapper fusion-flex-justify-content-flex-start fusion-content-layout-column\" style=\"background-position:left top;background-repeat:no-repeat;-webkit-background-size:cover;-moz-background-size:cover;-o-background-size:cover;background-size:cover;padding: 0px 0px 0px 0px;\"><div class=\"fusion-text fusion-text-1\"><h2 style=\"text-align: center; text-transform: uppercase;\">Les politiques de <span style=\"color: #00a4e2;\">confidentialit\u00e9<\/span><\/h2>\n<\/div><div class=\"fusion-separator fusion-full-width-sep\" style=\"align-self: center;margin-left: auto;margin-right: auto;margin-bottom:20px;width:100%;\"><\/div><div class=\"fusion-text fusion-text-2\"><p>Turilux, Viagens e Turismo Lda. respecte les r\u00e8gles l\u00e9gales en mati\u00e8re de protection des donn\u00e9es personnelles de ses collaborateurs, demandeurs d&#8217;emploi et clients. Toute collecte de donn\u00e9es \u00e0 caract\u00e8re personnel est effectu\u00e9e conform\u00e9ment au r\u00e8glement (UE) 2016\/679 du Parlement europ\u00e9en et du Conseil du 27 avril 2016 relatif \u00e0 la protection des personnes physiques \u00e0 l&rsquo;\u00e9gard du traitement des donn\u00e9es \u00e0 caract\u00e8re personnel et \u00e0 la libre circulation de ces donn\u00e9es (RGPD \u2013 R\u00e8glement g\u00e9n\u00e9ral sur la protection des donn\u00e9es), et avec la loi n\u00ba 58\/2019, du 8 ao\u00fbt (qui assure la mise en \u0153uvre du RGPD, dans l&rsquo;ordre juridique national).<\/p>\n<h5>Responsable du traitement de l\u2019information<\/h5>\n<p>Le responsable du traitement de l\u2019information est Turilux, Viagens e Turismo Lda., d\u00e9nomm\u00e9e Turilux, dont le si\u00e8ge social est situ\u00e9 \u00e0 Estrada Nacional 1- Covinhas, Outeiro da Ranha 3105-408 Vermoil. Vous pouvez contacter le responsable du traitement \u00e0 tout moment pour toute question concernant la protection des informations personnelles en envoyant un e-mail \u00e0 viagens@turilux.pt.<\/p>\n<h5>Mise \u00e0 disposition gratuite de l\u2019information personnelle et acceptation de cette politique de confidentialit\u00e9<\/h5>\n<p>En acceptant les termes de notre politique de confidentialit\u00e9, vous consentez \u00e0 l&rsquo;utilisation de vos informations. Le RGPD pr\u00e9voit l&rsquo;existence d&rsquo;un consentement \u00ab\u00a0en tant qu&rsquo;expression de volont\u00e9 libre, sp\u00e9cifique, inform\u00e9e et explicite\u00a0\u00bb.<br \/>\nTout utilisateur peut librement choisir de fournir ou non ses informations.<\/p>\n<h5>Acc\u00e8s, rectification ou suppression de l\u2019information fournie<\/h5>\n<p>Aux termes de la loi sur la protection de l\u2019information personnelle, l&rsquo;utilisateur se voit garantir le droit d&rsquo;acc\u00e9der, de mettre \u00e0 jour, de rectifier ou de supprimer ses informations personnelles, \u00e0 tout moment, ainsi que le droit de s&rsquo;opposer \u00e0 l&rsquo;utilisation de l\u2019information fournie \u00e0 des fins de marketing ou d&rsquo;envoi de communications informatives, et pour cela, il devra envoyez un courrier \u00e9lectronique \u00e0: viagens@turilux.pt.<\/p>\n<h5>Conservation de l\u2019 information personnelle<\/h5>\n<p>Les informations personnelles peuvent \u00eatre conserv\u00e9es et utilis\u00e9es par Turilux, m\u00eame apr\u00e8s la fin du processus ou du contrat, dans les conditions l\u00e9gales et jusqu&rsquo;\u00e0 l&rsquo;ex\u00e9cution de la facturation et\/ou des obligations l\u00e9gales parvenues de la relation commerciale et\/ou contractuelle.<\/p>\n<h5>Utilisation de vos informations<\/h5>\n<p>Dans la relation contractuelle et commerciale, l&rsquo;utilisateur du site Turilux autorise l&rsquo;introduction de ses informations personnelles dans la base de donn\u00e9es de l&rsquo;entreprise pour son traitement, permettant leur utilisation, pour l&rsquo;envoi de fiches techniques et de s\u00e9curit\u00e9, d&rsquo;informations commerciales, actions de marketing et disponibilisation de documents financiers.<\/p>\n<h5>\u201cCookies\u201d<\/h5>\n<p>Les \u00ab\u00a0cookies\u00a0\u00bb sont des petites \u00e9tiquettes de software qui sont stock\u00e9es sur l&rsquo;ordinateur de l&rsquo;utilisateur via le navigateur (browser), ne conservant que les informations relatives \u00e0 ses pr\u00e9f\u00e9rences, n&rsquo;incluant pas ses informations personnelles. Il est possible de configurer la plupart des navigateurs de mani\u00e8re \u00e0 ce que vous soyez averti de la r\u00e9ception d&rsquo;un \u00ab\u00a0cookie\u00a0\u00bb et m\u00eame bloquer son entr\u00e9e dans votre syst\u00e8me. Toutefois, le refus des cookies sur le site que vous visitez peut mener \u00e0 l&rsquo;impossibilit\u00e9 d&rsquo;acc\u00e9der \u00e0 certaines zones du site ou de recevoir des informations personnalis\u00e9es.<\/p>\n<p>Turilux utilise diff\u00e9rents types de cookies, comme d\u00e9crit ci-dessous:<\/p>\n<p>1- <strong>Cookies essentiels<\/strong>\u2013 certains cookies sont essentiels pour acc\u00e9der \u00e0 des zones sp\u00e9cifiques du site, permettant la navigation et l&rsquo;utilisation de ses applications, telles que l&rsquo;acc\u00e8s \u00e0 des zones s\u00e9curis\u00e9es du site, par login.<\/p>\n<p>2- <strong>Cookies de fonctionnalit\u00e9<\/strong>\u2013 permettent de m\u00e9moriser les pr\u00e9f\u00e9rences de l&rsquo;utilisateur concernant son historique de navigation sur le site, sans qu&rsquo;il soit n\u00e9cessaire de le reconfigurer et de le personnaliser \u00e0 chaque nouvelle visite;<\/p>\n<p>3- <strong>Cookies analytiques <\/strong> \u2013 Ces cookies sont utilis\u00e9s pour analyser la fa\u00e7on dont l&rsquo;utilisateur utilise le site Web, permettant de mettre en \u00e9vidence des articles ou des services susceptibles de l&rsquo;int\u00e9resser, et de suivre les performances du site Web, en sachant quelles pages sont les plus populaires, quel m\u00e9thode de liaison entre pages est le plus efficace ou pour d\u00e9terminer pourquoi certaines pages re\u00e7oivent des messages d&rsquo;erreur. Ces cookies sont utilis\u00e9s uniquement pour cr\u00e9er et analyser des statistiques, sans jamais collecter d&rsquo;informations personnelles.<\/p>\n<h5>Modifications de n\u00f4tre politique de confidentialit\u00e9<\/h5>\n<p>Turilux se r\u00e9serve le droit d&rsquo;apporter \u00e0 tout moment des r\u00e9ajustements ou des modifications \u00e0 cette politique de confidentialit\u00e9. Ces changements seront l\u00e9gitimement publi\u00e9s sur le site.<\/p>\n<p>Si le changement est substantiel et\/ou aura des implications sur la mani\u00e8re dont l&rsquo;entreprise utilise vos informations personnelles, vous en serez l\u00e9gitimement inform\u00e9.<\/p>\n<\/div><\/div><style type=\"text\/css\">.fusion-body .fusion-builder-column-1{width:66.666666666667% !important;margin-top : 0px;margin-bottom : 20px;}.fusion-builder-column-1 > .fusion-column-wrapper {padding-top : 0px !important;padding-right : 0px !important;margin-right : 2.88%;padding-bottom : 0px !important;padding-left : 0px !important;margin-left : 2.88%;}@media only screen and (max-width:1024px) {.fusion-body .fusion-builder-column-1{width:66.666666666667% !important;order : 0;}.fusion-builder-column-1 > .fusion-column-wrapper {margin-right : 2.88%;margin-left : 2.88%;}}@media only screen and (max-width:640px) {.fusion-body .fusion-builder-column-1{width:100% !important;order : 0;}.fusion-builder-column-1 > .fusion-column-wrapper {margin-right : 1.92%;margin-left : 1.92%;}}<\/style><\/div><div class=\"fusion-layout-column fusion_builder_column fusion-builder-column-2 fusion_builder_column_1_6 1_6 fusion-flex-column\"><div class=\"fusion-column-wrapper fusion-flex-justify-content-flex-start fusion-content-layout-column\" style=\"background-position:left top;background-repeat:no-repeat;-webkit-background-size:cover;-moz-background-size:cover;-o-background-size:cover;background-size:cover;padding: 0px 0px 0px 0px;\"><\/div><style type=\"text\/css\">.fusion-body .fusion-builder-column-2{width:16.666666666667% !important;margin-top : 0px;margin-bottom : 20px;}.fusion-builder-column-2 > .fusion-column-wrapper {padding-top : 0px !important;padding-right : 0px !important;margin-right : 11.52%;padding-bottom : 0px !important;padding-left : 0px !important;margin-left : 11.52%;}@media only screen and (max-width:1024px) {.fusion-body .fusion-builder-column-2{width:16.666666666667% !important;order : 0;}.fusion-builder-column-2 > .fusion-column-wrapper {margin-right : 11.52%;margin-left : 11.52%;}}@media only screen and (max-width:640px) {.fusion-body .fusion-builder-column-2{width:100% !important;order : 0;}.fusion-builder-column-2 > .fusion-column-wrapper {margin-right : 1.92%;margin-left : 1.92%;}}<\/style><\/div><\/div><style type=\"text\/css\">.fusion-body .fusion-flex-container.fusion-builder-row-1{ padding-top : 5%;margin-top : 0px;padding-right : 0px;padding-bottom : 0px;margin-bottom : 0px;padding-left : 0px;}<\/style><\/div>\n","protected":false},"excerpt":{"rendered":"","protected":false},"author":1,"featured_media":0,"parent":0,"menu_order":0,"comment_status":"closed","ping_status":"open","template":"100-width.php","meta":{"inline_featured_image":false,"_exactmetrics_skip_tracking":false,"_exactmetrics_sitenote_active":false,"_exactmetrics_sitenote_note":"","_exactmetrics_sitenote_category":0,"footnotes":""},"class_list":["post-1806","page","type-page","status-publish","hentry"],"yoast_head":"<!-- This site is optimized with the Yoast SEO plugin v27.2 - https:\/\/yoast.com\/product\/yoast-seo-wordpress\/ -->\n<title>Les politiques de confidentialit\u00e9 - Turilux<\/title>\n<meta name=\"description\" content=\"Turilux, Viagens e Turismo Lda. respecte les r\u00e8gles l\u00e9gales en mati\u00e8re de protection des donn\u00e9es personnelles de ses collaborateurs...\" \/>\n<meta name=\"robots\" content=\"index, follow, max-snippet:-1, max-image-preview:large, max-video-preview:-1\" \/>\n<link rel=\"canonical\" href=\"https:\/\/turilux.pt\/fr\/les-politiques-de-confidentialite\/\" \/>\n<meta property=\"og:locale\" content=\"fr_FR\" \/>\n<meta property=\"og:type\" content=\"article\" \/>\n<meta property=\"og:title\" content=\"Les politiques de confidentialit\u00e9 - Turilux\" \/>\n<meta property=\"og:description\" content=\"Turilux, Viagens e Turismo Lda. respecte les r\u00e8gles l\u00e9gales en mati\u00e8re de protection des donn\u00e9es personnelles de ses collaborateurs...\" \/>\n<meta property=\"og:url\" content=\"https:\/\/turilux.pt\/fr\/les-politiques-de-confidentialite\/\" \/>\n<meta property=\"og:site_name\" content=\"Turilux\" \/>\n<meta property=\"article:publisher\" content=\"https:\/\/www.facebook.com\/TuriluxAutocarros\" \/>\n<meta property=\"article:modified_time\" content=\"2022-04-05T16:05:15+00:00\" \/>\n<meta name=\"twitter:card\" content=\"summary_large_image\" \/>\n<meta name=\"twitter:label1\" content=\"Dur\u00e9e de lecture estim\u00e9e\" \/>\n\t<meta name=\"twitter:data1\" content=\"10 minutes\" \/>\n<script type=\"application\/ld+json\" class=\"yoast-schema-graph\">{\"@context\":\"https:\/\/schema.org\",\"@graph\":[{\"@type\":\"WebPage\",\"@id\":\"https:\/\/turilux.pt\/fr\/les-politiques-de-confidentialite\/\",\"url\":\"https:\/\/turilux.pt\/fr\/les-politiques-de-confidentialite\/\",\"name\":\"Les politiques de confidentialit\u00e9 - Turilux\",\"isPartOf\":{\"@id\":\"https:\/\/turilux.pt\/#website\"},\"datePublished\":\"2022-01-10T18:00:01+00:00\",\"dateModified\":\"2022-04-05T16:05:15+00:00\",\"description\":\"Turilux, Viagens e Turismo Lda. respecte les r\u00e8gles l\u00e9gales en mati\u00e8re de protection des donn\u00e9es personnelles de ses collaborateurs...\",\"breadcrumb\":{\"@id\":\"https:\/\/turilux.pt\/fr\/les-politiques-de-confidentialite\/#breadcrumb\"},\"inLanguage\":\"fr-FR\",\"potentialAction\":[{\"@type\":\"ReadAction\",\"target\":[\"https:\/\/turilux.pt\/fr\/les-politiques-de-confidentialite\/\"]}]},{\"@type\":\"BreadcrumbList\",\"@id\":\"https:\/\/turilux.pt\/fr\/les-politiques-de-confidentialite\/#breadcrumb\",\"itemListElement\":[{\"@type\":\"ListItem\",\"position\":1,\"name\":\"In\u00edcio\",\"item\":\"https:\/\/turilux.pt\/fr\/\"},{\"@type\":\"ListItem\",\"position\":2,\"name\":\"Les politiques de confidentialit\u00e9\"}]},{\"@type\":\"WebSite\",\"@id\":\"https:\/\/turilux.pt\/#website\",\"url\":\"https:\/\/turilux.pt\/\",\"name\":\"Turilux\",\"description\":\"Viagens e Turismo Lda\",\"publisher\":{\"@id\":\"https:\/\/turilux.pt\/#organization\"},\"potentialAction\":[{\"@type\":\"SearchAction\",\"target\":{\"@type\":\"EntryPoint\",\"urlTemplate\":\"https:\/\/turilux.pt\/?s={search_term_string}\"},\"query-input\":{\"@type\":\"PropertyValueSpecification\",\"valueRequired\":true,\"valueName\":\"search_term_string\"}}],\"inLanguage\":\"fr-FR\"},{\"@type\":\"Organization\",\"@id\":\"https:\/\/turilux.pt\/#organization\",\"name\":\"Viagens e Turismo Lda\",\"url\":\"https:\/\/turilux.pt\/\",\"logo\":{\"@type\":\"ImageObject\",\"inLanguage\":\"fr-FR\",\"@id\":\"https:\/\/turilux.pt\/#\/schema\/logo\/image\/\",\"url\":\"https:\/\/turilux.pt\/wp-content\/uploads\/2022\/01\/header_logo.png\",\"contentUrl\":\"https:\/\/turilux.pt\/wp-content\/uploads\/2022\/01\/header_logo.png\",\"width\":202,\"height\":65,\"caption\":\"Viagens e Turismo Lda\"},\"image\":{\"@id\":\"https:\/\/turilux.pt\/#\/schema\/logo\/image\/\"},\"sameAs\":[\"https:\/\/www.facebook.com\/TuriluxAutocarros\",\"https:\/\/www.instagram.com\/turilux\/\"]}]}<\/script>\n<!-- \/ Yoast SEO plugin. -->","yoast_head_json":{"title":"Les politiques de confidentialit\u00e9 - Turilux","description":"Turilux, Viagens e Turismo Lda. respecte les r\u00e8gles l\u00e9gales en mati\u00e8re de protection des donn\u00e9es personnelles de ses collaborateurs...","robots":{"index":"index","follow":"follow","max-snippet":"max-snippet:-1","max-image-preview":"max-image-preview:large","max-video-preview":"max-video-preview:-1"},"canonical":"https:\/\/turilux.pt\/fr\/les-politiques-de-confidentialite\/","og_locale":"fr_FR","og_type":"article","og_title":"Les politiques de confidentialit\u00e9 - Turilux","og_description":"Turilux, Viagens e Turismo Lda. respecte les r\u00e8gles l\u00e9gales en mati\u00e8re de protection des donn\u00e9es personnelles de ses collaborateurs...","og_url":"https:\/\/turilux.pt\/fr\/les-politiques-de-confidentialite\/","og_site_name":"Turilux","article_publisher":"https:\/\/www.facebook.com\/TuriluxAutocarros","article_modified_time":"2022-04-05T16:05:15+00:00","twitter_card":"summary_large_image","twitter_misc":{"Dur\u00e9e de lecture estim\u00e9e":"10 minutes"},"schema":{"@context":"https:\/\/schema.org","@graph":[{"@type":"WebPage","@id":"https:\/\/turilux.pt\/fr\/les-politiques-de-confidentialite\/","url":"https:\/\/turilux.pt\/fr\/les-politiques-de-confidentialite\/","name":"Les politiques de confidentialit\u00e9 - Turilux","isPartOf":{"@id":"https:\/\/turilux.pt\/#website"},"datePublished":"2022-01-10T18:00:01+00:00","dateModified":"2022-04-05T16:05:15+00:00","description":"Turilux, Viagens e Turismo Lda. respecte les r\u00e8gles l\u00e9gales en mati\u00e8re de protection des donn\u00e9es personnelles de ses collaborateurs...","breadcrumb":{"@id":"https:\/\/turilux.pt\/fr\/les-politiques-de-confidentialite\/#breadcrumb"},"inLanguage":"fr-FR","potentialAction":[{"@type":"ReadAction","target":["https:\/\/turilux.pt\/fr\/les-politiques-de-confidentialite\/"]}]},{"@type":"BreadcrumbList","@id":"https:\/\/turilux.pt\/fr\/les-politiques-de-confidentialite\/#breadcrumb","itemListElement":[{"@type":"ListItem","position":1,"name":"In\u00edcio","item":"https:\/\/turilux.pt\/fr\/"},{"@type":"ListItem","position":2,"name":"Les politiques de confidentialit\u00e9"}]},{"@type":"WebSite","@id":"https:\/\/turilux.pt\/#website","url":"https:\/\/turilux.pt\/","name":"Turilux","description":"Viagens e Turismo Lda","publisher":{"@id":"https:\/\/turilux.pt\/#organization"},"potentialAction":[{"@type":"SearchAction","target":{"@type":"EntryPoint","urlTemplate":"https:\/\/turilux.pt\/?s={search_term_string}"},"query-input":{"@type":"PropertyValueSpecification","valueRequired":true,"valueName":"search_term_string"}}],"inLanguage":"fr-FR"},{"@type":"Organization","@id":"https:\/\/turilux.pt\/#organization","name":"Viagens e Turismo Lda","url":"https:\/\/turilux.pt\/","logo":{"@type":"ImageObject","inLanguage":"fr-FR","@id":"https:\/\/turilux.pt\/#\/schema\/logo\/image\/","url":"https:\/\/turilux.pt\/wp-content\/uploads\/2022\/01\/header_logo.png","contentUrl":"https:\/\/turilux.pt\/wp-content\/uploads\/2022\/01\/header_logo.png","width":202,"height":65,"caption":"Viagens e Turismo Lda"},"image":{"@id":"https:\/\/turilux.pt\/#\/schema\/logo\/image\/"},"sameAs":["https:\/\/www.facebook.com\/TuriluxAutocarros","https:\/\/www.instagram.com\/turilux\/"]}]}},"_links":{"self":[{"href":"https:\/\/turilux.pt\/fr\/wp-json\/wp\/v2\/pages\/1806","targetHints":{"allow":["GET"]}}],"collection":[{"href":"https:\/\/turilux.pt\/fr\/wp-json\/wp\/v2\/pages"}],"about":[{"href":"https:\/\/turilux.pt\/fr\/wp-json\/wp\/v2\/types\/page"}],"author":[{"embeddable":true,"href":"https:\/\/turilux.pt\/fr\/wp-json\/wp\/v2\/users\/1"}],"replies":[{"embeddable":true,"href":"https:\/\/turilux.pt\/fr\/wp-json\/wp\/v2\/comments?post=1806"}],"version-history":[{"count":2,"href":"https:\/\/turilux.pt\/fr\/wp-json\/wp\/v2\/pages\/1806\/revisions"}],"predecessor-version":[{"id":1808,"href":"https:\/\/turilux.pt\/fr\/wp-json\/wp\/v2\/pages\/1806\/revisions\/1808"}],"wp:attachment":[{"href":"https:\/\/turilux.pt\/fr\/wp-json\/wp\/v2\/media?parent=1806"}],"curies":[{"name":"wp","href":"https:\/\/api.w.org\/{rel}","templated":true}]}}